{"id":9,"date":"2020-03-25T14:00:12","date_gmt":"2020-03-25T13:00:12","guid":{"rendered":"http:\/\/beehorse-lodge.be\/?page_id=9"},"modified":"2020-12-02T17:32:09","modified_gmt":"2020-12-02T16:32:09","slug":"a-propos-de","status":"publish","type":"page","link":"https:\/\/beehorse-lodge.be\/index.php\/a-propos-de\/","title":{"rendered":"Informations g\u00e9n\u00e9rales"},"content":{"rendered":"<h4>Environnement<\/h4>\n<ul>\n<li>Logement ind\u00e9pendant semi-mitoyen au propri\u00e9taire<\/li>\n<li>Situation : Dans un hameau, A la campagne<\/li>\n<li>A proximit\u00e9 d&rsquo;une route peu fr\u00e9quent\u00e9e<\/li>\n<li>Niveau sonore : Faible<br \/>\n<em>La maison se situe dans le centre d&rsquo;un hameau, le long d&rsquo;une route communale, fr\u00e9quent\u00e9e de mani\u00e8re discontinue.<\/em><\/li>\n<li>Vue sur la campagne<\/li>\n<li>Orientation au sud<\/li>\n<li>Jardin privatif<\/li>\n<\/ul>\n<h4>A emporter<\/h4>\n<ul>\n<li>Linge de lit et de bain \u00e0 emporter ou \u00e0 louer<\/li>\n<li>Draps de bain \u00e0 emporter ou \u00e0 louer<\/li>\n<\/ul>\n<h4>Infos compl\u00e9mentaires<\/h4>\n<ul>\n<li>Superficie totale : 600 m\u00b2<\/li>\n<li>Nombre de niveaux : 3<\/li>\n<li>Nombre de salle de bain : 3<\/li>\n<li>Nombre de chambres : 2 + 1 parentale<\/li>\n<li>Chauffage : Central \/ sol<\/li>\n<li>Ann\u00e9e de construction : 1860<\/li>\n<li>Ann\u00e9e de r\u00e9novation : 2020<\/li>\n<\/ul>\n","protected":false},"excerpt":{"rendered":"<p>Environnement Logement ind\u00e9pendant semi-mitoyen au propri\u00e9taire Situation : Dans un hameau, A la campagne A proximit\u00e9 d&rsquo;une route peu fr\u00e9quent\u00e9e Niveau sonore : Faible La maison se situe dans le centre d&rsquo;un hameau, le long d&rsquo;une route communale, fr\u00e9quent\u00e9e de mani\u00e8re discontinue. Vue sur la campagne Orientation au sud Jardin privatif A emporter Linge de &hellip; <\/p>\n<p class=\"link-more\"><a href=\"https:\/\/beehorse-lodge.be\/index.php\/a-propos-de\/\" class=\"more-link\">Continuer la lecture<span class=\"screen-reader-text\"> de &laquo;&nbsp;Informations g\u00e9n\u00e9rales&nbsp;&raquo;<\/span><\/a><\/p>\n","protected":false},"author":1,"featured_media":115,"parent":0,"menu_order":0,"comment_status":"closed","ping_status":"closed","template":"","meta":{"ngg_post_thumbnail":0,"spay_email":""},"_links":{"self":[{"href":"https:\/\/beehorse-lodge.be\/index.php\/wp-json\/wp\/v2\/pages\/9"}],"collection":[{"href":"https:\/\/beehorse-lodge.be\/index.php\/wp-json\/wp\/v2\/pages"}],"about":[{"href":"https:\/\/beehorse-lodge.be\/index.php\/wp-json\/wp\/v2\/types\/page"}],"author":[{"embeddable":true,"href":"https:\/\/beehorse-lodge.be\/index.php\/wp-json\/wp\/v2\/users\/1"}],"replies":[{"embeddable":true,"href":"https:\/\/beehorse-lodge.be\/index.php\/wp-json\/wp\/v2\/comments?post=9"}],"version-history":[{"count":4,"href":"https:\/\/beehorse-lodge.be\/index.php\/wp-json\/wp\/v2\/pages\/9\/revisions"}],"predecessor-version":[{"id":414,"href":"https:\/\/beehorse-lodge.be\/index.php\/wp-json\/wp\/v2\/pages\/9\/revisions\/414"}],"wp:featuredmedia":[{"embeddable":true,"href":"https:\/\/beehorse-lodge.be\/index.php\/wp-json\/wp\/v2\/media\/115"}],"wp:attachment":[{"href":"https:\/\/beehorse-lodge.be\/index.php\/wp-json\/wp\/v2\/media?parent=9"}],"curies":[{"name":"wp","href":"https:\/\/api.w.org\/{rel}","templated":true}]}}