{"id":108,"date":"2020-11-22T10:23:24","date_gmt":"2020-11-22T09:23:24","guid":{"rendered":"https:\/\/beehorse-lodge.be\/?page_id=108"},"modified":"2020-12-09T12:31:02","modified_gmt":"2020-12-09T11:31:02","slug":"tourisme","status":"publish","type":"page","link":"https:\/\/beehorse-lodge.be\/index.php\/tourisme\/","title":{"rendered":"Tourisme"},"content":{"rendered":"\n<h2>Wellin<\/h2>\n\n\n\n<ul><li>Bois (100m)<\/li><li>Rivi\u00e8res (La Lesse &amp; l&rsquo;Almache)<\/li><li>Pharmacie<\/li><li>Boulangerie<\/li><li>Restaurants<\/li><li>Magasins<\/li><li>Mistercash<\/li><li>Office du Tourisme<\/li><\/ul>\n\n\n\n<h2>Gedinne<\/h2>\n\n\n\n<ul><li>Piste de ski<\/li><li>Gare<\/li><\/ul>\n\n\n\n<h2>Daverdisse<\/h2>\n\n\n\n<ul><li>Ravel<\/li><li>Syndicat d&rsquo;initiative<\/li><\/ul>\n\n\n\n<h2>Villes \u00e0 proximit\u00e9<\/h2>\n\n\n\n<h4>Wellin &#8211; 8km<\/h4>\n\n\n\n<p>Wellin est une commune situ\u00e9e dans la province de Luxembourg, dans les Ardennes belges. Elle propose plusieurs promenades p\u00e9destres et cyclistes sur son territoire.<\/p>\n\n\n\n<h4>Daverdisse &#8211; 8km<\/h4>\n\n\n\n<p>Daverdisse est une petite commune situ\u00e9e dans la province de Luxembourg. Elle abrite la grotte Notre-Dame-de-Lourdes depuis 1903.<\/p>\n\n\n\n<h4>Gedinne &#8211; 14km<\/h4>\n\n\n\n<p>Gedinne poss\u00e8de pr\u00e8s de 400 kilom\u00e8tres de sentiers balis\u00e9s. Vous tomberez sous le charme du massif bois\u00e9 de la Croix-Scaille, de sa faune tr\u00e8s diversifi\u00e9e et de sa r\u00e9serve naturelle qui offre aux visiteurs le calme propice \u00e0 de nombreuses d\u00e9couvertes.<\/p>\n\n\n\n<h2>Quelques activit\u00e9s autour de Wellin<\/h2>\n\n\n\n<ul><li>Mus\u00e9e Mudia &#8211; 14km (Redu)<\/li><li>Ch\u00e2teau de Lavaux-Sainte-Anne &#8211; 15km<\/li><li>Domaine des Grottes de Han &#8211; 16km (Han-sur-Lesse)<\/li><li>Pistes de ski de la Croix-Scaille &#8211; 17km (Gedinne)<\/li><\/ul>\n","protected":false},"excerpt":{"rendered":"<p>Wellin Bois (100m) Rivi\u00e8res (La Lesse &amp; l&rsquo;Almache) Pharmacie Boulangerie Restaurants Magasins Mistercash Office du Tourisme Gedinne Piste de ski Gare Daverdisse Ravel Syndicat d&rsquo;initiative Villes \u00e0 proximit\u00e9 Wellin &#8211; 8km Wellin est une commune situ\u00e9e dans la province de Luxembourg, dans les Ardennes belges. Elle propose plusieurs promenades p\u00e9destres et cyclistes sur son territoire. &hellip; <\/p>\n<p class=\"link-more\"><a href=\"https:\/\/beehorse-lodge.be\/index.php\/tourisme\/\" class=\"more-link\">Continuer la lecture<span class=\"screen-reader-text\"> de &laquo;&nbsp;Tourisme&nbsp;&raquo;<\/span><\/a><\/p>\n","protected":false},"author":4,"featured_media":412,"parent":0,"menu_order":1,"comment_status":"closed","ping_status":"closed","template":"","meta":{"ngg_post_thumbnail":0,"spay_email":""},"_links":{"self":[{"href":"https:\/\/beehorse-lodge.be\/index.php\/wp-json\/wp\/v2\/pages\/108"}],"collection":[{"href":"https:\/\/beehorse-lodge.be\/index.php\/wp-json\/wp\/v2\/pages"}],"about":[{"href":"https:\/\/beehorse-lodge.be\/index.php\/wp-json\/wp\/v2\/types\/page"}],"author":[{"embeddable":true,"href":"https:\/\/beehorse-lodge.be\/index.php\/wp-json\/wp\/v2\/users\/4"}],"replies":[{"embeddable":true,"href":"https:\/\/beehorse-lodge.be\/index.php\/wp-json\/wp\/v2\/comments?post=108"}],"version-history":[{"count":1,"href":"https:\/\/beehorse-lodge.be\/index.php\/wp-json\/wp\/v2\/pages\/108\/revisions"}],"predecessor-version":[{"id":109,"href":"https:\/\/beehorse-lodge.be\/index.php\/wp-json\/wp\/v2\/pages\/108\/revisions\/109"}],"wp:featuredmedia":[{"embeddable":true,"href":"https:\/\/beehorse-lodge.be\/index.php\/wp-json\/wp\/v2\/media\/412"}],"wp:attachment":[{"href":"https:\/\/beehorse-lodge.be\/index.php\/wp-json\/wp\/v2\/media?parent=108"}],"curies":[{"name":"wp","href":"https:\/\/api.w.org\/{rel}","templated":true}]}}